{"id":47,"date":"2016-03-10T22:11:40","date_gmt":"2016-03-10T21:11:40","guid":{"rendered":"http:\/\/www.uilscuolaemiliaromagna.it\/public\/er\/?page_id=47"},"modified":"2026-05-13T12:27:50","modified_gmt":"2026-05-13T10:27:50","slug":"contatti","status":"publish","type":"page","link":"https:\/\/www.uilscuolaemiliaromagna.it\/public\/er\/contatti\/","title":{"rendered":"Contatti"},"content":{"rendered":"<p>Bologna, Via Serena, 2 &#8211; 40127 aperto tutti i giorni <strong>dal luned\u00ec al venerd\u00ec dalle 09.30 alle 12.30 e dalle 15.30 alle 17.30 &#8211; CHIUSO AL PUBBLICO IL MERCOLED\u00cc MATTINA<\/strong>.<\/p>\n<p>Per fissare un appuntamento contattare i seguenti recapiti:<\/p>\n<p>Tel. 051 523831<br \/>\nFax. 051 557447<\/p>\n<p style=\"text-align: justify;\"><span style=\"font-size: 1.125rem;\">e-mail:\u00a0bologna@uilscuola.it<\/span><\/p>\n<p>Posta certificata: uilscuolabologna@pec.it<\/p>\n<p>WhatsApp:\u00a0<a href=\"https:\/\/whatsapp.com\/channel\/0029Va9KtAN5fM5g93lE7D29\" target=\"_blank\" rel=\"noopener\">https:\/\/whatsapp.com\/channel\/0029Va9KtAN5fM5g93lE7D29<\/a><\/p>\n<p>Facebook:\u00a0<a href=\"https:\/\/m.facebook.com\/UilScuola-Bologna-Emilia-Romagna-1018421174916785\/\" target=\"_blank\" rel=\"noopener noreferrer\">https:\/\/m.facebook.com\/UilScuola-Bologna-Emilia-Romagna-1018421174916785\/<\/a><\/p>\n<p>Instagram:\u00a0<a href=\"https:\/\/www.instagram.com\/uil_scuola_emiliaromagna\/\" target=\"_blank\" rel=\"noopener noreferrer\">https:\/\/www.instagram.com\/uil_scuola_emiliaromagna\/<\/a><\/p>\n<p>Twitter:\u00a0<a href=\"https:\/\/twitter.com\/UILScuolaBO_ER\" target=\"_blank\" rel=\"noopener noreferrer\">https:\/\/twitter.com\/UILScuolaBO_ER<\/a><\/p>\n<p>&nbsp;<\/p>\n<p><em>Mobile:<\/em><\/p>\n<p><strong>Serafino Veltri<\/strong> (Segretario Generale Regionale UIL Scuola Emilia Romagna<span style=\"display: inline !important; float: none; background-color: transparent; color: #333333; cursor: text; font-family: Georgia,'Times New Roman','Bitstream Charter',Times,serif; font-size: 16px; font-style: normal; font-variant: normal; font-weight: 400; letter-spacing: normal; line-height: 24px; orphans: 2; text-align: left; text-decoration: none; text-indent: 0px; text-transform: none; -webkit-text-stroke-width: 0px; white-space: normal; word-spacing: 0px;\">)<\/span> <strong>3282258300<\/strong><\/p>\n<p><strong>Marco Mendola<\/strong> (Segretario regionale UIL Scuola Emilia Romagna &#8211; Responsabile Provinciale UIL Scuola Bologna) <strong>3479688040<\/strong><\/p>\n<p><strong>Francesco Policano<\/strong> (Responsabile sede di Bologna) <strong>3917658533<\/strong><\/p>\n<p><strong>Emidio Del Paggio<\/strong> (Responsabile Area Alto Reno Terme) <strong>3917658534<\/strong><\/p>\n<p>&nbsp;<\/p>\n<p><strong>UIL Scuola sede di Imola &#8211; via Nardozzi, 1 &#8211; (solo su appuntamento)<\/strong><\/p>\n<p>Per fissare un appuntamento contattare <strong>Marco Mendola<\/strong> (Responsabile Provinciale UIL Scuola Bologna) cell: <strong>3479688040 <\/strong><\/p>\n<p>oppure <span style=\"font-size: 1.125rem;\">contattare (tramite messaggio WhatApp) <\/span><strong style=\"font-size: 1.125rem;\">Nino Tarzia<\/strong><span style=\"font-size: 1.125rem;\"> &#8211; cell: <\/span><strong style=\"font-size: 1.125rem;\">3887599121<\/strong><\/p>\n<p>&nbsp;<\/p>\n<p><strong>UIL Scuola sede di Molinella &#8211; via Mazzini, 89<\/strong><\/p>\n<p>aperto tutti i <strong>marted\u00ec dalle 15.30 alle 18.00<\/strong>\u00a0presso l\u2019ufficio situato in via Mazzini, 89 &#8211; Molinella<\/p>\n<p>Per fissare un appuntamento contattare <strong>Gianluca Dolcetti<\/strong> (Responsabile sede di Molinella e Minerbio) <strong>3392855649<\/strong><\/p>\n<p>&nbsp;<\/p>\n<p><strong>UIL Scuola sede di Minerbio &#8211;\u00a0 via Garibaldi 66\/c &#8211; (solo su appuntamento)<\/strong><\/p>\n<p>Per fissare un appuntamento contattare <strong>Gianluca Dolcetti<\/strong> (Responsabile sede di Molinella e Minerbio) <strong>3392855649<\/strong><\/p>\n<p>e-mail: <a href=\"mailto:uilscuolamolinella@libero.it\">uilscuolamolinella@libero.it<\/a><\/p>\n<p>&nbsp;<\/p>\n\n<div class=\"twitter-share\"><a href=\"https:\/\/twitter.com\/intent\/tweet?via=UILScuolaBO_ER\" class=\"twitter-share-button\" data-size=\"large\">Tweet<\/a><\/div>\n","protected":false},"excerpt":{"rendered":"<p>Bologna, Via Serena, 2 &#8211; 40127 aperto tutti i giorni dal luned\u00ec al venerd\u00ec dalle 09.30 alle 12.30 e dalle 15.30 alle 17.30 &#8211; CHIUSO &hellip; <\/p>\n","protected":false},"author":1,"featured_media":0,"parent":0,"menu_order":0,"comment_status":"closed","ping_status":"closed","template":"","meta":{"footnotes":""},"yoast_head":"<!-- This site is optimized with the Yoast SEO plugin v21.7 - https:\/\/yoast.com\/wordpress\/plugins\/seo\/ -->\r\n<title>Contatti - Uil Scuola Emilia Romagna<\/title>\r\n<meta name=\"robots\" content=\"index, follow, max-snippet:-1, max-image-preview:large, max-video-preview:-1\" \/>\r\n<link rel=\"canonical\" href=\"https:\/\/www.uilscuolaemiliaromagna.it\/public\/er\/contatti\/\" \/>\r\n<meta property=\"og:locale\" content=\"it_IT\" \/>\r\n<meta property=\"og:type\" content=\"article\" \/>\r\n<meta property=\"og:title\" content=\"Contatti - Uil Scuola Emilia Romagna\" \/>\r\n<meta property=\"og:description\" content=\"Bologna, Via Serena, 2 &#8211; 40127 aperto tutti i giorni dal luned\u00ec al venerd\u00ec dalle 09.30 alle 12.30 e dalle 15.30 alle 17.30 &#8211; CHIUSO &hellip;\" \/>\r\n<meta property=\"og:url\" content=\"https:\/\/www.uilscuolaemiliaromagna.it\/public\/er\/contatti\/\" \/>\r\n<meta property=\"og:site_name\" content=\"Uil Scuola Emilia Romagna\" \/>\r\n<meta property=\"article:modified_time\" content=\"2026-05-13T10:27:50+00:00\" \/>\r\n<meta name=\"twitter:card\" content=\"summary_large_image\" \/>\r\n<meta name=\"twitter:label1\" content=\"Tempo di lettura stimato\" \/>\n\t<meta name=\"twitter:data1\" content=\"2 minuti\" \/>\r\n<script type=\"application\/ld+json\" class=\"yoast-schema-graph\">{\"@context\":\"https:\/\/schema.org\",\"@graph\":[{\"@type\":\"WebPage\",\"@id\":\"https:\/\/www.uilscuolaemiliaromagna.it\/public\/er\/contatti\/\",\"url\":\"https:\/\/www.uilscuolaemiliaromagna.it\/public\/er\/contatti\/\",\"name\":\"Contatti - Uil Scuola Emilia Romagna\",\"isPartOf\":{\"@id\":\"https:\/\/www.uilscuolaemiliaromagna.it\/public\/er\/#website\"},\"datePublished\":\"2016-03-10T21:11:40+00:00\",\"dateModified\":\"2026-05-13T10:27:50+00:00\",\"breadcrumb\":{\"@id\":\"https:\/\/www.uilscuolaemiliaromagna.it\/public\/er\/contatti\/#breadcrumb\"},\"inLanguage\":\"it-IT\",\"potentialAction\":[{\"@type\":\"ReadAction\",\"target\":[\"https:\/\/www.uilscuolaemiliaromagna.it\/public\/er\/contatti\/\"]}]},{\"@type\":\"BreadcrumbList\",\"@id\":\"https:\/\/www.uilscuolaemiliaromagna.it\/public\/er\/contatti\/#breadcrumb\",\"itemListElement\":[{\"@type\":\"ListItem\",\"position\":1,\"name\":\"Home\",\"item\":\"https:\/\/www.uilscuolaemiliaromagna.it\/public\/er\/\"},{\"@type\":\"ListItem\",\"position\":2,\"name\":\"Contatti\"}]},{\"@type\":\"WebSite\",\"@id\":\"https:\/\/www.uilscuolaemiliaromagna.it\/public\/er\/#website\",\"url\":\"https:\/\/www.uilscuolaemiliaromagna.it\/public\/er\/\",\"name\":\"Uil Scuola Emilia Romagna\",\"description\":\"La voce libera della scuola\",\"publisher\":{\"@id\":\"https:\/\/www.uilscuolaemiliaromagna.it\/public\/er\/#organization\"},\"potentialAction\":[{\"@type\":\"SearchAction\",\"target\":{\"@type\":\"EntryPoint\",\"urlTemplate\":\"https:\/\/www.uilscuolaemiliaromagna.it\/public\/er\/?s={search_term_string}\"},\"query-input\":\"required name=search_term_string\"}],\"inLanguage\":\"it-IT\"},{\"@type\":\"Organization\",\"@id\":\"https:\/\/www.uilscuolaemiliaromagna.it\/public\/er\/#organization\",\"name\":\"Uil Scuola Emilia Romagna\",\"url\":\"https:\/\/www.uilscuolaemiliaromagna.it\/public\/er\/\",\"logo\":{\"@type\":\"ImageObject\",\"inLanguage\":\"it-IT\",\"@id\":\"https:\/\/www.uilscuolaemiliaromagna.it\/public\/er\/#\/schema\/logo\/image\/\",\"url\":\"https:\/\/www.uilscuolaemiliaromagna.it\/public\/er\/wp-content\/uploads\/2017\/04\/cropped-header.png\",\"contentUrl\":\"https:\/\/www.uilscuolaemiliaromagna.it\/public\/er\/wp-content\/uploads\/2017\/04\/cropped-header.png\",\"width\":1000,\"height\":150,\"caption\":\"Uil Scuola Emilia Romagna\"},\"image\":{\"@id\":\"https:\/\/www.uilscuolaemiliaromagna.it\/public\/er\/#\/schema\/logo\/image\/\"}}]}<\/script>\r\n<!-- \/ Yoast SEO plugin. -->","yoast_head_json":{"title":"Contatti - Uil Scuola Emilia Romagna","robots":{"index":"index","follow":"follow","max-snippet":"max-snippet:-1","max-image-preview":"max-image-preview:large","max-video-preview":"max-video-preview:-1"},"canonical":"https:\/\/www.uilscuolaemiliaromagna.it\/public\/er\/contatti\/","og_locale":"it_IT","og_type":"article","og_title":"Contatti - Uil Scuola Emilia Romagna","og_description":"Bologna, Via Serena, 2 &#8211; 40127 aperto tutti i giorni dal luned\u00ec al venerd\u00ec dalle 09.30 alle 12.30 e dalle 15.30 alle 17.30 &#8211; CHIUSO &hellip;","og_url":"https:\/\/www.uilscuolaemiliaromagna.it\/public\/er\/contatti\/","og_site_name":"Uil Scuola Emilia Romagna","article_modified_time":"2026-05-13T10:27:50+00:00","twitter_card":"summary_large_image","twitter_misc":{"Tempo di lettura stimato":"2 minuti"},"schema":{"@context":"https:\/\/schema.org","@graph":[{"@type":"WebPage","@id":"https:\/\/www.uilscuolaemiliaromagna.it\/public\/er\/contatti\/","url":"https:\/\/www.uilscuolaemiliaromagna.it\/public\/er\/contatti\/","name":"Contatti - Uil Scuola Emilia Romagna","isPartOf":{"@id":"https:\/\/www.uilscuolaemiliaromagna.it\/public\/er\/#website"},"datePublished":"2016-03-10T21:11:40+00:00","dateModified":"2026-05-13T10:27:50+00:00","breadcrumb":{"@id":"https:\/\/www.uilscuolaemiliaromagna.it\/public\/er\/contatti\/#breadcrumb"},"inLanguage":"it-IT","potentialAction":[{"@type":"ReadAction","target":["https:\/\/www.uilscuolaemiliaromagna.it\/public\/er\/contatti\/"]}]},{"@type":"BreadcrumbList","@id":"https:\/\/www.uilscuolaemiliaromagna.it\/public\/er\/contatti\/#breadcrumb","itemListElement":[{"@type":"ListItem","position":1,"name":"Home","item":"https:\/\/www.uilscuolaemiliaromagna.it\/public\/er\/"},{"@type":"ListItem","position":2,"name":"Contatti"}]},{"@type":"WebSite","@id":"https:\/\/www.uilscuolaemiliaromagna.it\/public\/er\/#website","url":"https:\/\/www.uilscuolaemiliaromagna.it\/public\/er\/","name":"Uil Scuola Emilia Romagna","description":"La voce libera della scuola","publisher":{"@id":"https:\/\/www.uilscuolaemiliaromagna.it\/public\/er\/#organization"},"potentialAction":[{"@type":"SearchAction","target":{"@type":"EntryPoint","urlTemplate":"https:\/\/www.uilscuolaemiliaromagna.it\/public\/er\/?s={search_term_string}"},"query-input":"required name=search_term_string"}],"inLanguage":"it-IT"},{"@type":"Organization","@id":"https:\/\/www.uilscuolaemiliaromagna.it\/public\/er\/#organization","name":"Uil Scuola Emilia Romagna","url":"https:\/\/www.uilscuolaemiliaromagna.it\/public\/er\/","logo":{"@type":"ImageObject","inLanguage":"it-IT","@id":"https:\/\/www.uilscuolaemiliaromagna.it\/public\/er\/#\/schema\/logo\/image\/","url":"https:\/\/www.uilscuolaemiliaromagna.it\/public\/er\/wp-content\/uploads\/2017\/04\/cropped-header.png","contentUrl":"https:\/\/www.uilscuolaemiliaromagna.it\/public\/er\/wp-content\/uploads\/2017\/04\/cropped-header.png","width":1000,"height":150,"caption":"Uil Scuola Emilia Romagna"},"image":{"@id":"https:\/\/www.uilscuolaemiliaromagna.it\/public\/er\/#\/schema\/logo\/image\/"}}]}},"_links":{"self":[{"href":"https:\/\/www.uilscuolaemiliaromagna.it\/public\/er\/wp-json\/wp\/v2\/pages\/47"}],"collection":[{"href":"https:\/\/www.uilscuolaemiliaromagna.it\/public\/er\/wp-json\/wp\/v2\/pages"}],"about":[{"href":"https:\/\/www.uilscuolaemiliaromagna.it\/public\/er\/wp-json\/wp\/v2\/types\/page"}],"author":[{"embeddable":true,"href":"https:\/\/www.uilscuolaemiliaromagna.it\/public\/er\/wp-json\/wp\/v2\/users\/1"}],"replies":[{"embeddable":true,"href":"https:\/\/www.uilscuolaemiliaromagna.it\/public\/er\/wp-json\/wp\/v2\/comments?post=47"}],"version-history":[{"count":45,"href":"https:\/\/www.uilscuolaemiliaromagna.it\/public\/er\/wp-json\/wp\/v2\/pages\/47\/revisions"}],"predecessor-version":[{"id":16213,"href":"https:\/\/www.uilscuolaemiliaromagna.it\/public\/er\/wp-json\/wp\/v2\/pages\/47\/revisions\/16213"}],"wp:attachment":[{"href":"https:\/\/www.uilscuolaemiliaromagna.it\/public\/er\/wp-json\/wp\/v2\/media?parent=47"}],"curies":[{"name":"wp","href":"https:\/\/api.w.org\/{rel}","templated":true}]}}